{"id":625,"date":"2024-05-09T16:28:33","date_gmt":"2024-05-09T14:28:33","guid":{"rendered":"https:\/\/sites8.digitalya.es\/centrodereconocimientoscecom.es\/?page_id=625"},"modified":"2026-01-28T16:43:09","modified_gmt":"2026-01-28T15:43:09","slug":"quienes-somos","status":"publish","type":"page","link":"https:\/\/centrodereconocimientoscecom.es\/quienes-somos\/","title":{"rendered":"Qui\u00e9nes somos"},"content":{"rendered":"\t\t<div data-elementor-type=\"wp-page\" data-elementor-id=\"625\" class=\"elementor elementor-625\" data-elementor-post-type=\"page\">\n\t\t\t\t\t\t<section class=\"elementor-section elementor-top-section elementor-element elementor-element-32409355 elementor-section-stretched elementor-section-height-min-height elementor-section-boxed elementor-section-height-default elementor-section-items-middle\" data-id=\"32409355\" data-element_type=\"section\" data-settings=\"{&quot;stretch_section&quot;:&quot;section-stretched&quot;,&quot;background_background&quot;:&quot;classic&quot;,&quot;animation&quot;:&quot;none&quot;,&quot;jet_parallax_layout_list&quot;:[]}\">\n\t\t\t\t\t\t\t<div class=\"elementor-background-overlay\"><\/div>\n\t\t\t\t\t\t\t<div class=\"elementor-container elementor-column-gap-default\">\n\t\t\t\t\t<div class=\"elementor-column elementor-col-100 elementor-top-column elementor-element elementor-element-267d28b0\" data-id=\"267d28b0\" data-element_type=\"column\">\n\t\t\t<div class=\"elementor-widget-wrap elementor-element-populated\">\n\t\t\t\t\t\t<div class=\"elementor-element elementor-element-27627495 elementor-invisible elementor-widget elementor-widget-heading\" data-id=\"27627495\" data-element_type=\"widget\" data-settings=\"{&quot;_animation&quot;:&quot;fadeInUp&quot;}\" data-widget_type=\"heading.default\">\n\t\t\t\t<div class=\"elementor-widget-container\">\n\t\t\t\t\t<h1 class=\"elementor-heading-title elementor-size-default\">Qui\u00e9nes somos<\/h1>\t\t\t\t<\/div>\n\t\t\t\t<\/div>\n\t\t\t\t\t<\/div>\n\t\t<\/div>\n\t\t\t\t\t<\/div>\n\t\t<\/section>\n\t\t\t\t<section class=\"elementor-section elementor-top-section elementor-element elementor-element-164b5494 elementor-section-stretched elementor-section-content-middle elementor-section-boxed elementor-section-height-default elementor-section-height-default\" data-id=\"164b5494\" data-element_type=\"section\" data-settings=\"{&quot;stretch_section&quot;:&quot;section-stretched&quot;,&quot;background_background&quot;:&quot;classic&quot;,&quot;jet_parallax_layout_list&quot;:[]}\">\n\t\t\t\t\t\t<div class=\"elementor-container elementor-column-gap-no\">\n\t\t\t\t\t<div class=\"elementor-column elementor-col-100 elementor-top-column elementor-element elementor-element-6dd348ef\" data-id=\"6dd348ef\" data-element_type=\"column\">\n\t\t\t<div class=\"elementor-widget-wrap elementor-element-populated\">\n\t\t\t\t\t\t<div class=\"elementor-element elementor-element-3e5e734f elementor-invisible elementor-widget elementor-widget-heading\" data-id=\"3e5e734f\" data-element_type=\"widget\" data-settings=\"{&quot;_animation&quot;:&quot;fadeInUp&quot;}\" data-widget_type=\"heading.default\">\n\t\t\t\t<div class=\"elementor-widget-container\">\n\t\t\t\t\t<h2 class=\"elementor-heading-title elementor-size-default\">Centro de reconocimientos <strong> m\u00e9dicos (CECOM) Pasi\u00f3n 13\n <\/span><\/h2>\t\t\t\t<\/div>\n\t\t\t\t<\/div>\n\t\t\t\t<div class=\"elementor-element elementor-element-fd34d2f elementor-invisible elementor-widget elementor-widget-text-editor\" data-id=\"fd34d2f\" data-element_type=\"widget\" data-settings=\"{&quot;_animation&quot;:&quot;fadeInUp&quot;}\" data-widget_type=\"text-editor.default\">\n\t\t\t\t<div class=\"elementor-widget-container\">\n\t\t\t\t\t\t\t\t\t<p><span style=\"font-weight: 400;\">En el Centro de reconocimientos m\u00e9dicos (CECOM) de Pasi\u00f3n 13, llevamos muchos a\u00f1os dedic\u00e1ndonos a lo que m\u00e1s nos apasiona: trabajar arduamente para garantizar la m\u00e1xima calidad en cada reconocimiento m\u00e9dico que realizamos.<\/span><\/p><p><span style=\"font-weight: 400;\">Nuestro equipo est\u00e1 compuesto por profesionales altamente cualificados en medicina y psicolog\u00eda, con a\u00f1os de experiencia en el sector. Estamos completamente adaptados al nuevo protocolo de Exploraci\u00f3n M\u00e9dico-Psicol\u00f3gica (Actualizaci\u00f3n 2022), y nos esforzamos cada d\u00eda por ofrecer lo mejor de nosotros mismos.<\/span><\/p>\t\t\t\t\t\t\t\t<\/div>\n\t\t\t\t<\/div>\n\t\t\t\t\t<\/div>\n\t\t<\/div>\n\t\t\t\t\t<\/div>\n\t\t<\/section>\n\t\t\t\t<section class=\"elementor-section elementor-top-section elementor-element elementor-element-47d2f6ac elementor-section-stretched elementor-section-boxed elementor-section-height-default elementor-section-height-default elementor-invisible\" data-id=\"47d2f6ac\" data-element_type=\"section\" data-settings=\"{&quot;stretch_section&quot;:&quot;section-stretched&quot;,&quot;background_background&quot;:&quot;classic&quot;,&quot;animation&quot;:&quot;fadeInUp&quot;,&quot;jet_parallax_layout_list&quot;:[]}\">\n\t\t\t\t\t\t\t<div class=\"elementor-background-overlay\"><\/div>\n\t\t\t\t\t\t\t<div class=\"elementor-container elementor-column-gap-default\">\n\t\t\t\t\t<div class=\"elementor-column elementor-col-50 elementor-top-column elementor-element elementor-element-41da221e\" data-id=\"41da221e\" data-element_type=\"column\">\n\t\t\t<div class=\"elementor-widget-wrap elementor-element-populated\">\n\t\t\t\t\t\t<div class=\"elementor-element elementor-element-2cd93a31 elementor-invisible elementor-widget elementor-widget-heading\" data-id=\"2cd93a31\" data-element_type=\"widget\" data-settings=\"{&quot;_animation&quot;:&quot;fadeInUp&quot;}\" data-widget_type=\"heading.default\">\n\t\t\t\t<div class=\"elementor-widget-container\">\n\t\t\t\t\t<h3 class=\"elementor-heading-title elementor-size-default\"><b>\u00bfPor qu\u00e9<\/b> elegirnos?<\/h3>\t\t\t\t<\/div>\n\t\t\t\t<\/div>\n\t\t\t\t\t<\/div>\n\t\t<\/div>\n\t\t\t\t<div class=\"elementor-column elementor-col-50 elementor-top-column elementor-element elementor-element-36162058\" data-id=\"36162058\" data-element_type=\"column\" data-settings=\"{&quot;background_background&quot;:&quot;classic&quot;}\">\n\t\t\t<div class=\"elementor-widget-wrap elementor-element-populated\">\n\t\t\t\t\t\t<div class=\"elementor-element elementor-element-330fa68b elementor-invisible elementor-widget elementor-widget-text-editor\" data-id=\"330fa68b\" data-element_type=\"widget\" data-settings=\"{&quot;_animation&quot;:&quot;fadeInUp&quot;}\" data-widget_type=\"text-editor.default\">\n\t\t\t\t<div class=\"elementor-widget-container\">\n\t\t\t\t\t\t\t\t\t<p><span style=\"font-weight: 400;\">En el Centro de reconocimientos m\u00e9dicos de Valladolid (CECOM) Pasi\u00f3n 13, ofrecemos una amplia variedad de reconocimientos m\u00e9dicos, tales como la obtenci\u00f3n y\/o renovaci\u00f3n del carnet de conducir, permisos de armas y permisos para la tenencia de perros potencialmente peligrosos, entre otros.<\/span><\/p><p><strong>\u00bfQuieres ver todos nuestros servicios?<\/strong><\/p>\t\t\t\t\t\t\t\t<\/div>\n\t\t\t\t<\/div>\n\t\t\t\t<div class=\"elementor-element elementor-element-81f955e elementor-align-center elementor-widget elementor-widget-button\" data-id=\"81f955e\" data-element_type=\"widget\" data-widget_type=\"button.default\">\n\t\t\t\t<div class=\"elementor-widget-container\">\n\t\t\t\t\t\t\t\t\t<div class=\"elementor-button-wrapper\">\n\t\t\t\t\t<a class=\"elementor-button elementor-button-link elementor-size-sm elementor-animation-grow\" href=\"https:\/\/sites8.digitalya.es\/centrodereconocimientoscecom.es\/servicios\/\">\n\t\t\t\t\t\t<span class=\"elementor-button-content-wrapper\">\n\t\t\t\t\t\t\t\t\t<span class=\"elementor-button-text\">Ver m\u00e1s<\/span>\n\t\t\t\t\t<\/span>\n\t\t\t\t\t<\/a>\n\t\t\t\t<\/div>\n\t\t\t\t\t\t\t\t<\/div>\n\t\t\t\t<\/div>\n\t\t\t\t\t<\/div>\n\t\t<\/div>\n\t\t\t\t\t<\/div>\n\t\t<\/section>\n\t\t\t\t<section class=\"elementor-section elementor-top-section elementor-element elementor-element-4a3cb3a9 elementor-section-boxed elementor-section-height-default elementor-section-height-default\" data-id=\"4a3cb3a9\" data-element_type=\"section\" data-settings=\"{&quot;background_background&quot;:&quot;classic&quot;,&quot;jet_parallax_layout_list&quot;:[]}\">\n\t\t\t\t\t\t<div class=\"elementor-container elementor-column-gap-default\">\n\t\t\t\t\t<div class=\"elementor-column elementor-col-100 elementor-top-column elementor-element elementor-element-b6037c2\" data-id=\"b6037c2\" data-element_type=\"column\">\n\t\t\t<div class=\"elementor-widget-wrap\">\n\t\t\t\t\t\t\t<\/div>\n\t\t<\/div>\n\t\t\t\t\t<\/div>\n\t\t<\/section>\n\t\t\t\t<\/div>\n\t\t","protected":false},"excerpt":{"rendered":"<p>Qui\u00e9nes somos Centro de reconocimientos m\u00e9dicos (CECOM) Pasi\u00f3n 13 En el Centro de reconocimientos m\u00e9dicos (CECOM) de Pasi\u00f3n 13, llevamos muchos a\u00f1os dedic\u00e1ndonos a lo que m\u00e1s nos apasiona: trabajar arduamente para garantizar la m\u00e1xima calidad en cada reconocimiento m\u00e9dico que realizamos. Nuestro equipo est\u00e1 compuesto por profesionales altamente cualificados en medicina y psicolog\u00eda, con &#8230; <a title=\"Qui\u00e9nes somos\" class=\"read-more\" href=\"https:\/\/centrodereconocimientoscecom.es\/quienes-somos\/\" aria-label=\"Read more about Qui\u00e9nes somos\">Read more<\/a><\/p>\n","protected":false},"author":33,"featured_media":0,"parent":0,"menu_order":0,"comment_status":"closed","ping_status":"closed","template":"elementor_header_footer","meta":{"footnotes":""},"class_list":["post-625","page","type-page","status-publish"],"yoast_head":"<!-- This site is optimized with the Yoast SEO plugin v24.1 - https:\/\/yoast.com\/wordpress\/plugins\/seo\/ -->\n<title>Qui\u00e9nes somos - CECOM Pasi\u00f3n 13<\/title>\n<meta name=\"description\" content=\"Descubre nuestro centro de reconocimientos CECOM. Ofrecemos servicios de inspecci\u00f3n vehicular, certificados de seguridad y m\u00e1s.\" \/>\n<meta name=\"robots\" content=\"index, follow, max-snippet:-1, max-image-preview:large, max-video-preview:-1\" \/>\n<link rel=\"canonical\" href=\"https:\/\/centrodereconocimientoscecom.es\/quienes-somos\/\" \/>\n<meta property=\"og:locale\" content=\"en_US\" \/>\n<meta property=\"og:type\" content=\"article\" \/>\n<meta property=\"og:title\" content=\"Qui\u00e9nes somos - CECOM Pasi\u00f3n 13\" \/>\n<meta property=\"og:description\" content=\"Descubre nuestro centro de reconocimientos CECOM. Ofrecemos servicios de inspecci\u00f3n vehicular, certificados de seguridad y m\u00e1s.\" \/>\n<meta property=\"og:url\" content=\"https:\/\/centrodereconocimientoscecom.es\/quienes-somos\/\" \/>\n<meta property=\"og:site_name\" content=\"CECOM Pasi\u00f3n 13\" \/>\n<meta property=\"article:modified_time\" content=\"2026-01-28T15:43:09+00:00\" \/>\n<meta name=\"twitter:card\" content=\"summary_large_image\" \/>\n<meta name=\"twitter:label1\" content=\"Est. reading time\" \/>\n\t<meta name=\"twitter:data1\" content=\"1 minute\" \/>\n<script type=\"application\/ld+json\" class=\"yoast-schema-graph\">{\"@context\":\"https:\/\/schema.org\",\"@graph\":[{\"@type\":\"WebPage\",\"@id\":\"https:\/\/centrodereconocimientoscecom.es\/quienes-somos\/\",\"url\":\"https:\/\/centrodereconocimientoscecom.es\/quienes-somos\/\",\"name\":\"Qui\u00e9nes somos - CECOM Pasi\u00f3n 13\",\"isPartOf\":{\"@id\":\"https:\/\/centrodereconocimientoscecom.es\/en\/#website\"},\"datePublished\":\"2024-05-09T14:28:33+00:00\",\"dateModified\":\"2026-01-28T15:43:09+00:00\",\"description\":\"Descubre nuestro centro de reconocimientos CECOM. Ofrecemos servicios de inspecci\u00f3n vehicular, certificados de seguridad y m\u00e1s.\",\"breadcrumb\":{\"@id\":\"https:\/\/centrodereconocimientoscecom.es\/quienes-somos\/#breadcrumb\"},\"inLanguage\":\"en-US\",\"potentialAction\":[{\"@type\":\"ReadAction\",\"target\":[\"https:\/\/centrodereconocimientoscecom.es\/quienes-somos\/\"]}]},{\"@type\":\"BreadcrumbList\",\"@id\":\"https:\/\/centrodereconocimientoscecom.es\/quienes-somos\/#breadcrumb\",\"itemListElement\":[{\"@type\":\"ListItem\",\"position\":1,\"name\":\"Home\",\"item\":\"https:\/\/centrodereconocimientoscecom.es\/\"},{\"@type\":\"ListItem\",\"position\":2,\"name\":\"Qui\u00e9nes somos\"}]},{\"@type\":\"WebSite\",\"@id\":\"https:\/\/centrodereconocimientoscecom.es\/en\/#website\",\"url\":\"https:\/\/centrodereconocimientoscecom.es\/en\/\",\"name\":\"CECOM Pasi\u00f3n 13\",\"description\":\"\",\"publisher\":{\"@id\":\"https:\/\/centrodereconocimientoscecom.es\/en\/#organization\"},\"potentialAction\":[{\"@type\":\"SearchAction\",\"target\":{\"@type\":\"EntryPoint\",\"urlTemplate\":\"https:\/\/centrodereconocimientoscecom.es\/en\/?s={search_term_string}\"},\"query-input\":{\"@type\":\"PropertyValueSpecification\",\"valueRequired\":true,\"valueName\":\"search_term_string\"}}],\"inLanguage\":\"en-US\"},{\"@type\":\"Organization\",\"@id\":\"https:\/\/centrodereconocimientoscecom.es\/en\/#organization\",\"name\":\"CECOM Pasi\u00f3n 13\",\"url\":\"https:\/\/centrodereconocimientoscecom.es\/en\/\",\"logo\":{\"@type\":\"ImageObject\",\"inLanguage\":\"en-US\",\"@id\":\"https:\/\/centrodereconocimientoscecom.es\/en\/#\/schema\/logo\/image\/\",\"url\":\"https:\/\/centrodereconocimientoscecom.es\/wp-content\/uploads\/sites\/254\/2026\/01\/cropped-Screenshot_283.png\",\"contentUrl\":\"https:\/\/centrodereconocimientoscecom.es\/wp-content\/uploads\/sites\/254\/2026\/01\/cropped-Screenshot_283.png\",\"width\":246,\"height\":106,\"caption\":\"CECOM Pasi\u00f3n 13\"},\"image\":{\"@id\":\"https:\/\/centrodereconocimientoscecom.es\/en\/#\/schema\/logo\/image\/\"}}]}<\/script>\n<!-- \/ Yoast SEO plugin. -->","yoast_head_json":{"title":"Qui\u00e9nes somos - CECOM Pasi\u00f3n 13","description":"Descubre nuestro centro de reconocimientos CECOM. Ofrecemos servicios de inspecci\u00f3n vehicular, certificados de seguridad y m\u00e1s.","robots":{"index":"index","follow":"follow","max-snippet":"max-snippet:-1","max-image-preview":"max-image-preview:large","max-video-preview":"max-video-preview:-1"},"canonical":"https:\/\/centrodereconocimientoscecom.es\/quienes-somos\/","og_locale":"en_US","og_type":"article","og_title":"Qui\u00e9nes somos - CECOM Pasi\u00f3n 13","og_description":"Descubre nuestro centro de reconocimientos CECOM. Ofrecemos servicios de inspecci\u00f3n vehicular, certificados de seguridad y m\u00e1s.","og_url":"https:\/\/centrodereconocimientoscecom.es\/quienes-somos\/","og_site_name":"CECOM Pasi\u00f3n 13","article_modified_time":"2026-01-28T15:43:09+00:00","twitter_card":"summary_large_image","twitter_misc":{"Est. reading time":"1 minute"},"schema":{"@context":"https:\/\/schema.org","@graph":[{"@type":"WebPage","@id":"https:\/\/centrodereconocimientoscecom.es\/quienes-somos\/","url":"https:\/\/centrodereconocimientoscecom.es\/quienes-somos\/","name":"Qui\u00e9nes somos - CECOM Pasi\u00f3n 13","isPartOf":{"@id":"https:\/\/centrodereconocimientoscecom.es\/en\/#website"},"datePublished":"2024-05-09T14:28:33+00:00","dateModified":"2026-01-28T15:43:09+00:00","description":"Descubre nuestro centro de reconocimientos CECOM. Ofrecemos servicios de inspecci\u00f3n vehicular, certificados de seguridad y m\u00e1s.","breadcrumb":{"@id":"https:\/\/centrodereconocimientoscecom.es\/quienes-somos\/#breadcrumb"},"inLanguage":"en-US","potentialAction":[{"@type":"ReadAction","target":["https:\/\/centrodereconocimientoscecom.es\/quienes-somos\/"]}]},{"@type":"BreadcrumbList","@id":"https:\/\/centrodereconocimientoscecom.es\/quienes-somos\/#breadcrumb","itemListElement":[{"@type":"ListItem","position":1,"name":"Home","item":"https:\/\/centrodereconocimientoscecom.es\/"},{"@type":"ListItem","position":2,"name":"Qui\u00e9nes somos"}]},{"@type":"WebSite","@id":"https:\/\/centrodereconocimientoscecom.es\/en\/#website","url":"https:\/\/centrodereconocimientoscecom.es\/en\/","name":"CECOM Pasi\u00f3n 13","description":"","publisher":{"@id":"https:\/\/centrodereconocimientoscecom.es\/en\/#organization"},"potentialAction":[{"@type":"SearchAction","target":{"@type":"EntryPoint","urlTemplate":"https:\/\/centrodereconocimientoscecom.es\/en\/?s={search_term_string}"},"query-input":{"@type":"PropertyValueSpecification","valueRequired":true,"valueName":"search_term_string"}}],"inLanguage":"en-US"},{"@type":"Organization","@id":"https:\/\/centrodereconocimientoscecom.es\/en\/#organization","name":"CECOM Pasi\u00f3n 13","url":"https:\/\/centrodereconocimientoscecom.es\/en\/","logo":{"@type":"ImageObject","inLanguage":"en-US","@id":"https:\/\/centrodereconocimientoscecom.es\/en\/#\/schema\/logo\/image\/","url":"https:\/\/centrodereconocimientoscecom.es\/wp-content\/uploads\/sites\/254\/2026\/01\/cropped-Screenshot_283.png","contentUrl":"https:\/\/centrodereconocimientoscecom.es\/wp-content\/uploads\/sites\/254\/2026\/01\/cropped-Screenshot_283.png","width":246,"height":106,"caption":"CECOM Pasi\u00f3n 13"},"image":{"@id":"https:\/\/centrodereconocimientoscecom.es\/en\/#\/schema\/logo\/image\/"}}]}},"_links":{"self":[{"href":"https:\/\/centrodereconocimientoscecom.es\/en\/wp-json\/wp\/v2\/pages\/625","targetHints":{"allow":["GET"]}}],"collection":[{"href":"https:\/\/centrodereconocimientoscecom.es\/en\/wp-json\/wp\/v2\/pages"}],"about":[{"href":"https:\/\/centrodereconocimientoscecom.es\/en\/wp-json\/wp\/v2\/types\/page"}],"author":[{"embeddable":true,"href":"https:\/\/centrodereconocimientoscecom.es\/en\/wp-json\/wp\/v2\/users\/33"}],"replies":[{"embeddable":true,"href":"https:\/\/centrodereconocimientoscecom.es\/en\/wp-json\/wp\/v2\/comments?post=625"}],"version-history":[{"count":0,"href":"https:\/\/centrodereconocimientoscecom.es\/en\/wp-json\/wp\/v2\/pages\/625\/revisions"}],"wp:attachment":[{"href":"https:\/\/centrodereconocimientoscecom.es\/en\/wp-json\/wp\/v2\/media?parent=625"}],"curies":[{"name":"wp","href":"https:\/\/api.w.org\/{rel}","templated":true}]}}