{"id":722,"date":"2024-06-05T17:51:03","date_gmt":"2024-06-05T15:51:03","guid":{"rendered":"https:\/\/sites8.digitalya.es\/centrodereconocimientoscecom.es\/?page_id=722"},"modified":"2026-01-28T16:47:15","modified_gmt":"2026-01-28T15:47:15","slug":"cita-previa","status":"publish","type":"page","link":"https:\/\/centrodereconocimientoscecom.es\/cita-previa\/","title":{"rendered":"Cita previa"},"content":{"rendered":"\t\t<div data-elementor-type=\"wp-page\" data-elementor-id=\"722\" class=\"elementor elementor-722\" data-elementor-post-type=\"page\">\n\t\t\t\t\t\t<section class=\"elementor-section elementor-top-section elementor-element elementor-element-52fa791f elementor-section-stretched elementor-section-height-min-height elementor-section-boxed elementor-section-height-default elementor-section-items-middle\" data-id=\"52fa791f\" data-element_type=\"section\" data-settings=\"{&quot;stretch_section&quot;:&quot;section-stretched&quot;,&quot;background_background&quot;:&quot;classic&quot;,&quot;jet_parallax_layout_list&quot;:[]}\">\n\t\t\t\t\t\t\t<div class=\"elementor-background-overlay\"><\/div>\n\t\t\t\t\t\t\t<div class=\"elementor-container elementor-column-gap-default\">\n\t\t\t\t\t<div class=\"elementor-column elementor-col-100 elementor-top-column elementor-element elementor-element-6a57d05c\" data-id=\"6a57d05c\" data-element_type=\"column\">\n\t\t\t<div class=\"elementor-widget-wrap elementor-element-populated\">\n\t\t\t\t\t\t<div class=\"elementor-element elementor-element-4cc4b704 elementor-invisible elementor-widget elementor-widget-heading\" data-id=\"4cc4b704\" data-element_type=\"widget\" data-settings=\"{&quot;_animation&quot;:&quot;fadeInUp&quot;}\" data-widget_type=\"heading.default\">\n\t\t\t\t<div class=\"elementor-widget-container\">\n\t\t\t\t\t<h1 class=\"elementor-heading-title elementor-size-default\">Cita Previa<\/h1>\t\t\t\t<\/div>\n\t\t\t\t<\/div>\n\t\t\t\t\t<\/div>\n\t\t<\/div>\n\t\t\t\t\t<\/div>\n\t\t<\/section>\n\t\t<div class=\"elementor-element elementor-element-0d6b3d2 e-flex e-con-boxed e-con e-parent\" data-id=\"0d6b3d2\" data-element_type=\"container\" data-settings=\"{&quot;jet_parallax_layout_list&quot;:[]}\">\n\t\t\t\t\t<div class=\"e-con-inner\">\n\t\t<div class=\"elementor-element elementor-element-807b355 e-con-full e-flex e-con e-child\" data-id=\"807b355\" data-element_type=\"container\" data-settings=\"{&quot;jet_parallax_layout_list&quot;:[]}\">\n\t\t\t\t<div class=\"elementor-element elementor-element-6b64445 elementor-invisible elementor-widget elementor-widget-heading\" data-id=\"6b64445\" data-element_type=\"widget\" data-settings=\"{&quot;_animation&quot;:&quot;fadeInUp&quot;}\" data-widget_type=\"heading.default\">\n\t\t\t\t<div class=\"elementor-widget-container\">\n\t\t\t\t\t<h2 class=\"elementor-heading-title elementor-size-default\">\u00a1Pida cita online para su  <span style=\"font-weight:600;color\"> reconocimiento m\u00e9dico ahora!\n<\/span><\/h2>\t\t\t\t<\/div>\n\t\t\t\t<\/div>\n\t\t\t\t<div class=\"elementor-element elementor-element-b37b618 elementor-invisible elementor-widget elementor-widget-text-editor\" data-id=\"b37b618\" data-element_type=\"widget\" data-settings=\"{&quot;_animation&quot;:&quot;fadeInUp&quot;}\" data-widget_type=\"text-editor.default\">\n\t\t\t\t<div class=\"elementor-widget-container\">\n\t\t\t\t\t\t\t\t\t<p><span style=\"text-align: center; letter-spacing: 0px; background-color: var( --e-global-color-c696dce );\">Rellene el siguiente formulario con sus datos de contacto y la fecha en la que desea realizar su reconocimiento m\u00e9dico, y nos pondremos en contacto con usted para confirmarle la cita. As\u00ed de simple, sin esperas, sin colas y sin llamadas.<\/span><\/p><p>Nos pondremos en contacto con usted lo antes posible para confirmar su cita. En el Centro de Reconocimientos M\u00e9dicos (CECOM) Pasi\u00f3n 13, valoramos su tiempo y nos esforzamos por ofrecerle un servicio eficiente y de alta calidad.<\/p><p><strong>\u00a1Gracias por su confianza!<\/strong><\/p>\t\t\t\t\t\t\t\t<\/div>\n\t\t\t\t<\/div>\n\t\t\t\t<\/div>\n\t\t<div class=\"elementor-element elementor-element-a04db65 e-con-full e-flex e-con e-child\" data-id=\"a04db65\" data-element_type=\"container\" data-settings=\"{&quot;jet_parallax_layout_list&quot;:[]}\">\n\t\t\t\t<div class=\"elementor-element elementor-element-f7105bb elementor-invisible elementor-widget elementor-widget-heading\" data-id=\"f7105bb\" data-element_type=\"widget\" data-settings=\"{&quot;_animation&quot;:&quot;fadeInUp&quot;}\" data-widget_type=\"heading.default\">\n\t\t\t\t<div class=\"elementor-widget-container\">\n\t\t\t\t\t<h3 class=\"elementor-heading-title elementor-size-default\">Reserva  <span style=\"font-weight:600;color\"> tu cita\n<\/span><\/h3>\t\t\t\t<\/div>\n\t\t\t\t<\/div>\n\t\t\t\t<div class=\"elementor-element elementor-element-c801689 elementor-button-align-center elementor-invisible elementor-widget elementor-widget-form\" data-id=\"c801689\" data-element_type=\"widget\" data-settings=\"{&quot;step_next_label&quot;:&quot;Siguiente&quot;,&quot;step_previous_label&quot;:&quot;Anterior&quot;,&quot;_animation&quot;:&quot;fadeInUp&quot;,&quot;button_width&quot;:&quot;100&quot;,&quot;step_type&quot;:&quot;number_text&quot;,&quot;step_icon_shape&quot;:&quot;circle&quot;}\" data-widget_type=\"form.default\">\n\t\t\t\t<div class=\"elementor-widget-container\">\n\t\t\t\t\t\t\t<form class=\"elementor-form\" method=\"post\" name=\"Nuevo formulario\">\n\t\t\t<input type=\"hidden\" name=\"post_id\" value=\"722\"\/>\n\t\t\t<input type=\"hidden\" name=\"form_id\" value=\"c801689\"\/>\n\t\t\t<input type=\"hidden\" name=\"referer_title\" value=\"CECOM Pasi\u00f3n 13\" \/>\n\n\t\t\t\n\t\t\t<div class=\"elementor-form-fields-wrapper elementor-labels-above\">\n\t\t\t\t\t\t\t\t<div class=\"elementor-field-type-text elementor-field-group elementor-column elementor-field-group-name elementor-col-50\">\n\t\t\t\t\t\t\t\t\t\t\t\t<label for=\"form-field-name\" class=\"elementor-field-label\">\n\t\t\t\t\t\t\t\tNombre\t\t\t\t\t\t\t<\/label>\n\t\t\t\t\t\t\t\t\t\t\t\t\t\t<input size=\"1\" type=\"text\" name=\"form_fields[name]\" id=\"form-field-name\" class=\"elementor-field elementor-size-sm  elementor-field-textual\" placeholder=\"Nombre\">\n\t\t\t\t\t\t\t\t\t\t\t<\/div>\n\t\t\t\t\t\t\t\t<div class=\"elementor-field-type-tel elementor-field-group elementor-column elementor-field-group-field_6dfa959 elementor-col-50 elementor-field-required\">\n\t\t\t\t\t\t\t\t\t\t\t\t<label for=\"form-field-field_6dfa959\" class=\"elementor-field-label\">\n\t\t\t\t\t\t\t\tTel\u00e9fono\t\t\t\t\t\t\t<\/label>\n\t\t\t\t\t\t\t\t<input size=\"1\" type=\"tel\" name=\"form_fields[field_6dfa959]\" id=\"form-field-field_6dfa959\" class=\"elementor-field elementor-size-sm  elementor-field-textual\" placeholder=\"Tel\u00e9fono\" required=\"required\" aria-required=\"true\" pattern=\"[0-9()#&amp;+*-=.]+\" title=\"Only numbers and phone characters (#, -, *, etc) are accepted.\">\n\n\t\t\t\t\t\t<\/div>\n\t\t\t\t\t\t\t\t<div class=\"elementor-field-type-email elementor-field-group elementor-column elementor-field-group-field_ea36f49 elementor-col-50 elementor-field-required\">\n\t\t\t\t\t\t\t\t\t\t\t\t<label for=\"form-field-field_ea36f49\" class=\"elementor-field-label\">\n\t\t\t\t\t\t\t\tCorreo electr\u00f3nico\t\t\t\t\t\t\t<\/label>\n\t\t\t\t\t\t\t\t\t\t\t\t\t\t<input size=\"1\" type=\"email\" name=\"form_fields[field_ea36f49]\" id=\"form-field-field_ea36f49\" class=\"elementor-field elementor-size-sm  elementor-field-textual\" placeholder=\"Correo electr\u00f3nico\" required=\"required\" aria-required=\"true\">\n\t\t\t\t\t\t\t\t\t\t\t<\/div>\n\t\t\t\t\t\t\t\t<div class=\"elementor-field-type-date elementor-field-group elementor-column elementor-field-group-email elementor-col-50 elementor-field-required\">\n\t\t\t\t\t\t\t\t\t\t\t\t<label for=\"form-field-email\" class=\"elementor-field-label\">\n\t\t\t\t\t\t\t\tFecha\t\t\t\t\t\t\t<\/label>\n\t\t\t\t\t\t\n\t\t<input type=\"date\" name=\"form_fields[email]\" id=\"form-field-email\" class=\"elementor-field elementor-size-sm  elementor-field-textual elementor-date-field\" placeholder=\"Fecha\" required=\"required\" aria-required=\"true\" pattern=\"[0-9]{4}-[0-9]{2}-[0-9]{2}\">\n\t\t\t\t\t\t<\/div>\n\t\t\t\t\t\t\t\t<div class=\"elementor-field-type-textarea elementor-field-group elementor-column elementor-field-group-message elementor-col-100\">\n\t\t\t\t\t\t\t\t\t\t\t\t<label for=\"form-field-message\" class=\"elementor-field-label\">\n\t\t\t\t\t\t\t\tIndicar reconocimiento a realizar\t\t\t\t\t\t\t<\/label>\n\t\t\t\t\t\t<textarea class=\"elementor-field-textual elementor-field  elementor-size-sm\" name=\"form_fields[message]\" id=\"form-field-message\" rows=\"4\" placeholder=\"Indicar reconocimiento a realizar\"><\/textarea>\t\t\t\t<\/div>\n\t\t\t\t\t\t\t\t<div class=\"elementor-field-type-recaptcha_v3 elementor-field-group elementor-column elementor-field-group-field_85823ba elementor-col-100 recaptcha_v3-bottomright\">\n\t\t\t\t\t<div class=\"elementor-field\" id=\"form-field-field_85823ba\"><div class=\"elementor-g-recaptcha\" data-sitekey=\"6LeQ0FgsAAAAAOewiI3o4sKkbKGx8ok4Ac4T8xji\" data-type=\"v3\" data-action=\"Form\" data-badge=\"bottomright\" data-size=\"invisible\"><\/div><\/div>\t\t\t\t<\/div>\n\t\t\t\t\t\t\t\t<div class=\"elementor-field-group elementor-column elementor-field-type-submit elementor-col-100 e-form__buttons\">\n\t\t\t\t\t<button class=\"elementor-button elementor-size-sm elementor-animation-grow\" type=\"submit\">\n\t\t\t\t\t\t<span class=\"elementor-button-content-wrapper\">\n\t\t\t\t\t\t\t\t\t\t\t\t\t\t\t\t\t\t\t\t\t\t<span class=\"elementor-button-text\">Enviar<\/span>\n\t\t\t\t\t\t\t\t\t\t\t\t\t<\/span>\n\t\t\t\t\t<\/button>\n\t\t\t\t<\/div>\n\t\t\t<\/div>\n\t\t<\/form>\n\t\t\t\t\t\t<\/div>\n\t\t\t\t<\/div>\n\t\t\t\t<\/div>\n\t\t\t\t\t<\/div>\n\t\t\t\t<\/div>\n\t\t\t\t<\/div>\n\t\t","protected":false},"excerpt":{"rendered":"<p>Cita Previa \u00a1Pida cita online para su reconocimiento m\u00e9dico ahora! Rellene el siguiente formulario con sus datos de contacto y la fecha en la que desea realizar su reconocimiento m\u00e9dico, y nos pondremos en contacto con usted para confirmarle la cita. As\u00ed de simple, sin esperas, sin colas y sin llamadas. Nos pondremos en contacto &#8230; <a title=\"Cita previa\" class=\"read-more\" href=\"https:\/\/centrodereconocimientoscecom.es\/cita-previa\/\" aria-label=\"Read more about Cita previa\">Read more<\/a><\/p>\n","protected":false},"author":33,"featured_media":0,"parent":0,"menu_order":0,"comment_status":"closed","ping_status":"closed","template":"elementor_header_footer","meta":{"footnotes":""},"class_list":["post-722","page","type-page","status-publish"],"yoast_head":"<!-- This site is optimized with the Yoast SEO plugin v24.1 - https:\/\/yoast.com\/wordpress\/plugins\/seo\/ -->\n<title>Reserva tu Cita Previa Online en CECOM Pasi\u00f3n 13<\/title>\n<meta name=\"description\" content=\"Pide tu cita online en CECOM Pasi\u00f3n 13 para reconocimientos m\u00e9dicos y psicot\u00e9cnicos. Completa el formulario y te contactaremos para confirmar tu cita sin esperas ni colas. Atenci\u00f3n eficiente y de calidad.\" \/>\n<meta name=\"robots\" content=\"index, follow, max-snippet:-1, max-image-preview:large, max-video-preview:-1\" \/>\n<link rel=\"canonical\" href=\"https:\/\/centrodereconocimientoscecom.es\/cita-previa\/\" \/>\n<meta property=\"og:locale\" content=\"en_US\" \/>\n<meta property=\"og:type\" content=\"article\" \/>\n<meta property=\"og:title\" content=\"Reserva tu Cita Previa Online en CECOM Pasi\u00f3n 13\" \/>\n<meta property=\"og:description\" content=\"Pide tu cita online en CECOM Pasi\u00f3n 13 para reconocimientos m\u00e9dicos y psicot\u00e9cnicos. Completa el formulario y te contactaremos para confirmar tu cita sin esperas ni colas. Atenci\u00f3n eficiente y de calidad.\" \/>\n<meta property=\"og:url\" content=\"https:\/\/centrodereconocimientoscecom.es\/cita-previa\/\" \/>\n<meta property=\"og:site_name\" content=\"CECOM Pasi\u00f3n 13\" \/>\n<meta property=\"article:modified_time\" content=\"2026-01-28T15:47:15+00:00\" \/>\n<meta name=\"twitter:card\" content=\"summary_large_image\" \/>\n<meta name=\"twitter:label1\" content=\"Est. reading time\" \/>\n\t<meta name=\"twitter:data1\" content=\"1 minute\" \/>\n<script type=\"application\/ld+json\" class=\"yoast-schema-graph\">{\"@context\":\"https:\/\/schema.org\",\"@graph\":[{\"@type\":\"WebPage\",\"@id\":\"https:\/\/centrodereconocimientoscecom.es\/cita-previa\/\",\"url\":\"https:\/\/centrodereconocimientoscecom.es\/cita-previa\/\",\"name\":\"Reserva tu Cita Previa Online en CECOM Pasi\u00f3n 13\",\"isPartOf\":{\"@id\":\"https:\/\/centrodereconocimientoscecom.es\/en\/#website\"},\"datePublished\":\"2024-06-05T15:51:03+00:00\",\"dateModified\":\"2026-01-28T15:47:15+00:00\",\"description\":\"Pide tu cita online en CECOM Pasi\u00f3n 13 para reconocimientos m\u00e9dicos y psicot\u00e9cnicos. Completa el formulario y te contactaremos para confirmar tu cita sin esperas ni colas. Atenci\u00f3n eficiente y de calidad.\",\"breadcrumb\":{\"@id\":\"https:\/\/centrodereconocimientoscecom.es\/cita-previa\/#breadcrumb\"},\"inLanguage\":\"en-US\",\"potentialAction\":[{\"@type\":\"ReadAction\",\"target\":[\"https:\/\/centrodereconocimientoscecom.es\/cita-previa\/\"]}]},{\"@type\":\"BreadcrumbList\",\"@id\":\"https:\/\/centrodereconocimientoscecom.es\/cita-previa\/#breadcrumb\",\"itemListElement\":[{\"@type\":\"ListItem\",\"position\":1,\"name\":\"Home\",\"item\":\"https:\/\/centrodereconocimientoscecom.es\/\"},{\"@type\":\"ListItem\",\"position\":2,\"name\":\"Cita previa\"}]},{\"@type\":\"WebSite\",\"@id\":\"https:\/\/centrodereconocimientoscecom.es\/en\/#website\",\"url\":\"https:\/\/centrodereconocimientoscecom.es\/en\/\",\"name\":\"CECOM Pasi\u00f3n 13\",\"description\":\"\",\"publisher\":{\"@id\":\"https:\/\/centrodereconocimientoscecom.es\/en\/#organization\"},\"potentialAction\":[{\"@type\":\"SearchAction\",\"target\":{\"@type\":\"EntryPoint\",\"urlTemplate\":\"https:\/\/centrodereconocimientoscecom.es\/en\/?s={search_term_string}\"},\"query-input\":{\"@type\":\"PropertyValueSpecification\",\"valueRequired\":true,\"valueName\":\"search_term_string\"}}],\"inLanguage\":\"en-US\"},{\"@type\":\"Organization\",\"@id\":\"https:\/\/centrodereconocimientoscecom.es\/en\/#organization\",\"name\":\"CECOM Pasi\u00f3n 13\",\"url\":\"https:\/\/centrodereconocimientoscecom.es\/en\/\",\"logo\":{\"@type\":\"ImageObject\",\"inLanguage\":\"en-US\",\"@id\":\"https:\/\/centrodereconocimientoscecom.es\/en\/#\/schema\/logo\/image\/\",\"url\":\"https:\/\/centrodereconocimientoscecom.es\/wp-content\/uploads\/sites\/254\/2026\/01\/cropped-Screenshot_283.png\",\"contentUrl\":\"https:\/\/centrodereconocimientoscecom.es\/wp-content\/uploads\/sites\/254\/2026\/01\/cropped-Screenshot_283.png\",\"width\":246,\"height\":106,\"caption\":\"CECOM Pasi\u00f3n 13\"},\"image\":{\"@id\":\"https:\/\/centrodereconocimientoscecom.es\/en\/#\/schema\/logo\/image\/\"}}]}<\/script>\n<!-- \/ Yoast SEO plugin. -->","yoast_head_json":{"title":"Reserva tu Cita Previa Online en CECOM Pasi\u00f3n 13","description":"Pide tu cita online en CECOM Pasi\u00f3n 13 para reconocimientos m\u00e9dicos y psicot\u00e9cnicos. Completa el formulario y te contactaremos para confirmar tu cita sin esperas ni colas. Atenci\u00f3n eficiente y de calidad.","robots":{"index":"index","follow":"follow","max-snippet":"max-snippet:-1","max-image-preview":"max-image-preview:large","max-video-preview":"max-video-preview:-1"},"canonical":"https:\/\/centrodereconocimientoscecom.es\/cita-previa\/","og_locale":"en_US","og_type":"article","og_title":"Reserva tu Cita Previa Online en CECOM Pasi\u00f3n 13","og_description":"Pide tu cita online en CECOM Pasi\u00f3n 13 para reconocimientos m\u00e9dicos y psicot\u00e9cnicos. Completa el formulario y te contactaremos para confirmar tu cita sin esperas ni colas. Atenci\u00f3n eficiente y de calidad.","og_url":"https:\/\/centrodereconocimientoscecom.es\/cita-previa\/","og_site_name":"CECOM Pasi\u00f3n 13","article_modified_time":"2026-01-28T15:47:15+00:00","twitter_card":"summary_large_image","twitter_misc":{"Est. reading time":"1 minute"},"schema":{"@context":"https:\/\/schema.org","@graph":[{"@type":"WebPage","@id":"https:\/\/centrodereconocimientoscecom.es\/cita-previa\/","url":"https:\/\/centrodereconocimientoscecom.es\/cita-previa\/","name":"Reserva tu Cita Previa Online en CECOM Pasi\u00f3n 13","isPartOf":{"@id":"https:\/\/centrodereconocimientoscecom.es\/en\/#website"},"datePublished":"2024-06-05T15:51:03+00:00","dateModified":"2026-01-28T15:47:15+00:00","description":"Pide tu cita online en CECOM Pasi\u00f3n 13 para reconocimientos m\u00e9dicos y psicot\u00e9cnicos. Completa el formulario y te contactaremos para confirmar tu cita sin esperas ni colas. Atenci\u00f3n eficiente y de calidad.","breadcrumb":{"@id":"https:\/\/centrodereconocimientoscecom.es\/cita-previa\/#breadcrumb"},"inLanguage":"en-US","potentialAction":[{"@type":"ReadAction","target":["https:\/\/centrodereconocimientoscecom.es\/cita-previa\/"]}]},{"@type":"BreadcrumbList","@id":"https:\/\/centrodereconocimientoscecom.es\/cita-previa\/#breadcrumb","itemListElement":[{"@type":"ListItem","position":1,"name":"Home","item":"https:\/\/centrodereconocimientoscecom.es\/"},{"@type":"ListItem","position":2,"name":"Cita previa"}]},{"@type":"WebSite","@id":"https:\/\/centrodereconocimientoscecom.es\/en\/#website","url":"https:\/\/centrodereconocimientoscecom.es\/en\/","name":"CECOM Pasi\u00f3n 13","description":"","publisher":{"@id":"https:\/\/centrodereconocimientoscecom.es\/en\/#organization"},"potentialAction":[{"@type":"SearchAction","target":{"@type":"EntryPoint","urlTemplate":"https:\/\/centrodereconocimientoscecom.es\/en\/?s={search_term_string}"},"query-input":{"@type":"PropertyValueSpecification","valueRequired":true,"valueName":"search_term_string"}}],"inLanguage":"en-US"},{"@type":"Organization","@id":"https:\/\/centrodereconocimientoscecom.es\/en\/#organization","name":"CECOM Pasi\u00f3n 13","url":"https:\/\/centrodereconocimientoscecom.es\/en\/","logo":{"@type":"ImageObject","inLanguage":"en-US","@id":"https:\/\/centrodereconocimientoscecom.es\/en\/#\/schema\/logo\/image\/","url":"https:\/\/centrodereconocimientoscecom.es\/wp-content\/uploads\/sites\/254\/2026\/01\/cropped-Screenshot_283.png","contentUrl":"https:\/\/centrodereconocimientoscecom.es\/wp-content\/uploads\/sites\/254\/2026\/01\/cropped-Screenshot_283.png","width":246,"height":106,"caption":"CECOM Pasi\u00f3n 13"},"image":{"@id":"https:\/\/centrodereconocimientoscecom.es\/en\/#\/schema\/logo\/image\/"}}]}},"_links":{"self":[{"href":"https:\/\/centrodereconocimientoscecom.es\/en\/wp-json\/wp\/v2\/pages\/722","targetHints":{"allow":["GET"]}}],"collection":[{"href":"https:\/\/centrodereconocimientoscecom.es\/en\/wp-json\/wp\/v2\/pages"}],"about":[{"href":"https:\/\/centrodereconocimientoscecom.es\/en\/wp-json\/wp\/v2\/types\/page"}],"author":[{"embeddable":true,"href":"https:\/\/centrodereconocimientoscecom.es\/en\/wp-json\/wp\/v2\/users\/33"}],"replies":[{"embeddable":true,"href":"https:\/\/centrodereconocimientoscecom.es\/en\/wp-json\/wp\/v2\/comments?post=722"}],"version-history":[{"count":0,"href":"https:\/\/centrodereconocimientoscecom.es\/en\/wp-json\/wp\/v2\/pages\/722\/revisions"}],"wp:attachment":[{"href":"https:\/\/centrodereconocimientoscecom.es\/en\/wp-json\/wp\/v2\/media?parent=722"}],"curies":[{"name":"wp","href":"https:\/\/api.w.org\/{rel}","templated":true}]}}